{"id":1002,"date":"2025-08-12T09:56:47","date_gmt":"2025-08-12T09:56:47","guid":{"rendered":"https:\/\/pharmaget.initsoft.eu\/about\/"},"modified":"2026-04-17T13:28:28","modified_gmt":"2026-04-17T13:28:28","slug":"o-firmie","status":"publish","type":"page","link":"https:\/\/pharmaget.pl\/en\/o-firmie\/","title":{"rendered":"About the company"},"content":{"rendered":"<div class=\"wp-block-uagb-container uagb-layout-flex uagb-block-edf9ad47 alignfull uagb-is-root-container\"><div class=\"uagb-container-inner-blocks-wrap\">\n<div class=\"wp-block-uagb-advanced-heading uagb-block-3472a125\"><p class=\"uagb-desc-text\">About us<\/p><h1 class=\"uagb-heading-text\">Our mission and vision for Pharmaget<\/h1><\/div>\n<\/div><\/div>\n\n\n\n<div class=\"wp-block-uagb-container uagb-layout-grid uagb-block-4d6f7bc6 alignfull uagb-is-root-container\"><div class=\"uagb-container-inner-blocks-wrap\">\n<div class=\"wp-block-uagb-container uag-blocks-common-selector uagb-block-cd15dd85\">\n<div class=\"wp-block-uagb-container uag-hide-desktop uag-hide-tab uag-hide-mob uagb-layout-grid uagb-block-5d04ff5d\">\n<div class=\"wp-block-uagb-counter uagb-block-0a848ec8 wp-block-uagb-counter--number\"><div class=\"wp-block-uagb-counter__number\"><span class=\"uagb-counter-block-number\" data-duration=\"1.5\" data-to-value=\"10\" data-from-value=\"0\" data-delimiter=\",\"><\/span><span class=\"uagb-counter-block-suffix\">+<\/span><\/div><div class=\"wp-block-uagb-counter__title\">years of experience in the sector <\/div><\/div>\n\n\n\n<div class=\"wp-block-uagb-counter uagb-block-7d9dbb1b wp-block-uagb-counter--number\"><div class=\"wp-block-uagb-counter__number\"><span class=\"uagb-counter-block-number\" data-duration=\"1.5\" data-to-value=\"100\" data-from-value=\"0\" data-delimiter=\",\"><\/span><span class=\"uagb-counter-block-suffix\">+<\/span><\/div><div class=\"wp-block-uagb-counter__title\">regular customers<\/div><\/div>\n\n\n\n<div class=\"wp-block-uagb-counter uagb-block-dcd108cc wp-block-uagb-counter--number\"><div class=\"wp-block-uagb-counter__number\"><span class=\"uagb-counter-block-number\" data-duration=\"1.5\" data-to-value=\"10\" data-from-value=\"0\" data-delimiter=\",\"><\/span><span class=\"uagb-counter-block-suffix\">+<\/span><\/div><div class=\"wp-block-uagb-counter__title\">team members<\/div><\/div>\n<\/div>\n<\/div>\n\n\n\n<div class=\"wp-block-uagb-container uagb-layout-flex uagb-block-710d2867\">\n<div class=\"wp-block-uagb-advanced-heading uagb-block-e0053ad5\"><div class=\"uagb-separator\"><\/div><h2 class=\"uagb-heading-text\">Get to know our company and its mission<\/h2><\/div>\n\n\n\n<div class=\"wp-block-uagb-advanced-heading uagb-block-bad5ca24\"><p class=\"uagb-desc-text\">Pharmaceutical Wholesaler Pharmaget is committed to providing the highest quality medicinal products on the Polish market. We strive to continuously improve our processes and meet the highest quality standards with particular emphasis on Good Distribution Practice.<br>Constant monitoring of regulatory developments ensures that our company always operates in compliance with the applicable law.<br>Our priority is to deliver products with the highest quality. We implement strict quality control procedures covering the transport, receiving, storage and dispensing process to ensure the integrity and safety of products throughout the distribution chain.<br>We only work with trusted and verified suppliers who also adhere to the highest quality standards in the pharmaceutical industry.<\/p><\/div>\n<\/div>\n<\/div><\/div>\n\n\n\n<div class=\"wp-block-uagb-container uagb-layout-grid uagb-block-865e8d64 alignfull uagb-is-root-container\"><div class=\"uagb-container-inner-blocks-wrap\">\n<div class=\"wp-block-uagb-container uagb-block-111fe2a5\">\n<div class=\"wp-block-uagb-advanced-heading uagb-block-ece69056\"><div class=\"uagb-separator\"><\/div><h2 class=\"uagb-heading-text\">History of Pharmaget <\/h2><\/div>\n\n\n\n<div class=\"wp-block-uagb-image uagb-block-662b3669 wp-block-uagb-image--layout-default wp-block-uagb-image--effect-static wp-block-uagb-image--align-none\"><figure class=\"wp-block-uagb-image__figure\"><img decoding=\"async\" srcset=\"https:\/\/pharmaget.pl\/wp-content\/uploads\/2025\/08\/pexels-photo-6627728-683x1024.jpeg ,https:\/\/pharmaget.pl\/wp-content\/uploads\/2025\/08\/pexels-photo-6627728.jpeg 780w, https:\/\/pharmaget.pl\/wp-content\/uploads\/2025\/08\/pexels-photo-6627728.jpeg 360w\" sizes=\"auto, (max-width: 480px) 150px\" src=\"https:\/\/pharmaget.pl\/wp-content\/uploads\/2025\/08\/pexels-photo-6627728-683x1024.jpeg\" alt=\"Close-up of syringes and medical supplies in a sterile laboratory setting, neatly arranged.\" class=\"uag-image-31\" width=\"420\" height=\"360\" title=\"pexels photo 6627728\" loading=\"lazy\" role=\"img\"\/><\/figure><\/div>\n\n\n\n<div class=\"wp-block-uagb-advanced-heading uagb-block-3f26eed6\"><p class=\"uagb-heading-text\">Pharmaget was established on 7 March 2025.<\/p><\/div>\n<\/div>\n\n\n\n<div class=\"wp-block-uagb-container uagb-block-cb5e2b35\">\n<div class=\"wp-block-uagb-image uagb-block-0e82fca4 wp-block-uagb-image--layout-default wp-block-uagb-image--effect-static wp-block-uagb-image--align-none\"><figure class=\"wp-block-uagb-image__figure\"><img decoding=\"async\" srcset=\"https:\/\/pharmaget.pl\/wp-content\/uploads\/2025\/08\/pexels-photo-28300481.jpeg ,https:\/\/pharmaget.pl\/wp-content\/uploads\/2025\/08\/pexels-photo-28300481.jpeg 780w, https:\/\/pharmaget.pl\/wp-content\/uploads\/2025\/08\/pexels-photo-28300481.jpeg 360w\" sizes=\"auto, (max-width: 480px) 150px\" src=\"https:\/\/pharmaget.pl\/wp-content\/uploads\/2025\/08\/pexels-photo-28300481.jpeg\" alt=\"Various blue and red pills in blister packs on a white surface.\" class=\"uag-image-32\" width=\"700\" height=\"480\" title=\"pexels photo 28300481\" loading=\"lazy\" role=\"img\"\/><\/figure><\/div>\n\n\n\n<div class=\"wp-block-uagb-advanced-heading uagb-block-da9e8962\"><p class=\"uagb-heading-text\">Pharmaget, a pharmaceutical wholesaler, started operations in June 2025. <a href=\"https:\/\/rejestry.ezdrowie.gov.pl\/registry\/rhf\">Our ID in the Register of Pharmaceutical Wholesalers: 112285<\/a>. <\/p><\/div>\n\n\n\n<p>The aim of setting up the Pharmaget pharmaceutical wholesaler was to quickly, professionally, efficiently obtain and market medicinal products not available on the Polish market. <br>The wholesalers are made up of an experienced team of employees. <\/p>\n\n\n\n<p><\/p>\n<\/div>\n<\/div><\/div>\n\n\n\n<div class=\"wp-block-uagb-container uagb-block-35e76e5a alignfull uagb-is-root-container\"><div class=\"uagb-container-inner-blocks-wrap\">\n<div class=\"wp-block-uagb-advanced-heading uagb-block-033bb87d\"><div class=\"uagb-separator\"><\/div><h2 class=\"uagb-heading-text\">Our values<\/h2><\/div>\n\n\n\n<div class=\"wp-block-uagb-container uagb-layout-grid uagb-block-2cffa28f\">\n<div class=\"wp-block-uagb-advanced-heading uagb-block-3f19ab45\"><h3 class=\"uagb-heading-text\">Quality<\/h3><p class=\"uagb-desc-text\">We are committed to the highest standards of work quality.<\/p><\/div>\n\n\n\n<div class=\"wp-block-uagb-advanced-heading uagb-block-69e55059\"><h3 class=\"uagb-heading-text\">Security<\/h3><p class=\"uagb-desc-text\">We are committed to patient safety, ensuring compliance with legislation and industry standards.<\/p><\/div>\n\n\n\n<div class=\"wp-block-uagb-advanced-heading uagb-block-8057f46e\"><h3 class=\"uagb-heading-text\">Professionalism<\/h3><p class=\"uagb-desc-text\">Our team is made up of experienced professionals who guarantee reliability and efficiency in their operations.<\/p><\/div>\n<\/div>\n<\/div><\/div>\n\n\n\n<div class=\"wp-block-uagb-container uag-hide-desktop uag-hide-tab uag-hide-mob uagb-block-f89950f8 alignfull uagb-is-root-container\"><div class=\"uagb-container-inner-blocks-wrap\">\n<div class=\"wp-block-uagb-advanced-heading uagb-block-09a138d5\"><div class=\"uagb-separator\"><\/div><h2 class=\"uagb-heading-text\">Meet our team of experts<\/h2><\/div>\n\n\n\n<div class=\"wp-block-uagb-container uagb-layout-grid uagb-block-dc1f97af\">\n<div class=\"wp-block-uagb-container uagb-block-b8e9b441\">\n<div class=\"wp-block-uagb-image uagb-block-df73bd2b wp-block-uagb-image--layout-default wp-block-uagb-image--effect-static wp-block-uagb-image--align-none\"><figure class=\"wp-block-uagb-image__figure\"><img decoding=\"async\" srcset=\"https:\/\/pharmaget.initsoft.eu\/wp-content\/uploads\/2024\/10\/team-skip-01.jpg ,https:\/\/pharmaget.initsoft.eu\/wp-content\/uploads\/2024\/10\/team-skip-01.jpg 780w, https:\/\/pharmaget.initsoft.eu\/wp-content\/uploads\/2024\/10\/team-skip-01.jpg 360w\" sizes=\"auto, (max-width: 480px) 150px\" src=\"https:\/\/pharmaget.initsoft.eu\/wp-content\/uploads\/2024\/10\/team-skip-01.jpg\" alt=\"\" class=\"uag-image-731\" width=\"285\" height=\"340\" title=\"team-skip-01\" loading=\"lazy\" role=\"img\"\/><\/figure><\/div>\n\n\n\n<div class=\"wp-block-uagb-advanced-heading uagb-block-f4f25bbe\"><p class=\"uagb-desc-text\">Chief detailing officer<\/p><p class=\"uagb-heading-text\">Sophia Martinez<\/p><\/div>\n<\/div>\n\n\n\n<div class=\"wp-block-uagb-container uagb-block-de66814e\">\n<div class=\"wp-block-uagb-image uagb-block-1c4b8034 wp-block-uagb-image--layout-default wp-block-uagb-image--effect-static wp-block-uagb-image--align-none\"><figure class=\"wp-block-uagb-image__figure\"><img decoding=\"async\" srcset=\"https:\/\/pharmaget.initsoft.eu\/wp-content\/uploads\/2024\/10\/team-skip-02.jpg ,https:\/\/pharmaget.initsoft.eu\/wp-content\/uploads\/2024\/10\/team-skip-02.jpg 780w, https:\/\/pharmaget.initsoft.eu\/wp-content\/uploads\/2024\/10\/team-skip-02.jpg 360w\" sizes=\"auto, (max-width: 480px) 150px\" src=\"https:\/\/pharmaget.initsoft.eu\/wp-content\/uploads\/2024\/10\/team-skip-02.jpg\" alt=\"\" class=\"uag-image-734\" width=\"285\" height=\"340\" title=\"team-skip-02\" loading=\"lazy\" role=\"img\"\/><\/figure><\/div>\n\n\n\n<div class=\"wp-block-uagb-advanced-heading uagb-block-cfd5e1d2\"><p class=\"uagb-desc-text\">Interior expert<\/p><p class=\"uagb-heading-text\">John Smith<\/p><\/div>\n<\/div>\n\n\n\n<div class=\"wp-block-uagb-container uagb-block-5c9c9c45\">\n<div class=\"wp-block-uagb-image uagb-block-3e9a3422 wp-block-uagb-image--layout-default wp-block-uagb-image--effect-static wp-block-uagb-image--align-none\"><figure class=\"wp-block-uagb-image__figure\"><img decoding=\"async\" srcset=\"https:\/\/pharmaget.initsoft.eu\/wp-content\/uploads\/2024\/10\/team-skip-03.jpg ,https:\/\/pharmaget.initsoft.eu\/wp-content\/uploads\/2024\/10\/team-skip-03.jpg 780w, https:\/\/pharmaget.initsoft.eu\/wp-content\/uploads\/2024\/10\/team-skip-03.jpg 360w\" sizes=\"auto, (max-width: 480px) 150px\" src=\"https:\/\/pharmaget.initsoft.eu\/wp-content\/uploads\/2024\/10\/team-skip-03.jpg\" alt=\"\" class=\"uag-image-735\" width=\"285\" height=\"340\" title=\"team-skip-03\" loading=\"lazy\" role=\"img\"\/><\/figure><\/div>\n\n\n\n<div class=\"wp-block-uagb-advanced-heading uagb-block-e082ad6e\"><p class=\"uagb-desc-text\">Main wash<\/p><p class=\"uagb-heading-text\">Michael Brown<\/p><\/div>\n<\/div>\n\n\n\n<div class=\"wp-block-uagb-container uagb-block-8827912d\">\n<div class=\"wp-block-uagb-image uagb-block-3c2bc91b wp-block-uagb-image--layout-default wp-block-uagb-image--effect-static wp-block-uagb-image--align-none\"><figure class=\"wp-block-uagb-image__figure\"><img decoding=\"async\" srcset=\"https:\/\/pharmaget.initsoft.eu\/wp-content\/uploads\/2024\/10\/team-skip-04.jpg ,https:\/\/pharmaget.initsoft.eu\/wp-content\/uploads\/2024\/10\/team-skip-04.jpg 780w, https:\/\/pharmaget.initsoft.eu\/wp-content\/uploads\/2024\/10\/team-skip-04.jpg 360w\" sizes=\"auto, (max-width: 480px) 150px\" src=\"https:\/\/pharmaget.initsoft.eu\/wp-content\/uploads\/2024\/10\/team-skip-04.jpg\" alt=\"\" class=\"uag-image-736\" width=\"285\" height=\"340\" title=\"team-skip-04\" loading=\"lazy\" role=\"img\"\/><\/figure><\/div>\n\n\n\n<div class=\"wp-block-uagb-advanced-heading uagb-block-8c24b6af\"><p class=\"uagb-desc-text\">External part expert<\/p><p class=\"uagb-heading-text\">David Wilson<\/p><\/div>\n<\/div>\n<\/div>\n<\/div><\/div>\n\n\n\n<div class=\"wp-block-uagb-container uagb-layout-grid uagb-block-f53bf43e alignfull uagb-is-root-container\"><div class=\"uagb-container-inner-blocks-wrap\">\n<div class=\"wp-block-uagb-container uagb-block-71b6a274\">\n<div class=\"wp-block-uagb-container uagb-block-002f0fbb\">\n<div class=\"wp-block-uagb-info-box uagb-block-3a49aeb9 uagb-infobox__content-wrap  uagb-infobox-icon-above-title uagb-infobox-image-valign-top wp-block-uagb-info-box--has-margin\"><div class=\"uagb-infobox-margin-wrapper\"><div class=\"uagb-ifb-content\"><div class=\"uagb-ifb-separator\"><\/div><div class=\"uagb-ifb-title-wrap\"><h2 class=\"uagb-ifb-title\">Contact us now!<\/h2><\/div><p class=\"uagb-ifb-desc\">Find out how we can help you access medicinal products in Poland.<\/p><div class=\"uagb-ifb-button-wrapper wp-block-button\"><a href=\"\/en\/kontakt\/\" class=\"uagb-infobox-cta-link wp-block-button__link\" target=\"_self\" rel=\"noopener noreferrer\" onclick=\"return true;\"><span class=\"uagb-inline-editing\">Contact us<\/span><\/a><\/div><\/div><\/div><\/div>\n<\/div>\n<\/div>\n\n\n\n<div class=\"wp-block-uagb-container uagb-layout-grid uagb-block-43651d8c\">\n<div class=\"wp-block-uagb-advanced-heading uagb-block-852a4737\"><p class=\"uagb-desc-text\">Telephone number<\/p><p class=\"uagb-heading-text\">+48 519 419 250<\/p><\/div>\n\n\n\n<div class=\"wp-block-uagb-advanced-heading uagb-block-ee864814\"><p class=\"uagb-desc-text\">Address<\/p><p class=\"uagb-heading-text\">Sygna\u0142y 58D, 44-251 Rybnik, Poland<\/p><\/div>\n\n\n\n<div class=\"wp-block-uagb-info-box uagb-block-13ef44d6 uagb-infobox__content-wrap  uagb-infobox-icon-above-title uagb-infobox-image-valign-top wp-block-uagb-info-box--has-margin\"><div class=\"uagb-infobox-margin-wrapper\"><div class=\"uagb-ifb-content\"><div class=\"uagb-ifb-title-wrap\"><p class=\"uagb-ifb-title-prefix\">Working Hours<\/p><p class=\"uagb-ifb-title\">Mon-Fri: 7:00-15:00<\/p><\/div><\/div><\/div><\/div>\n<\/div>\n<\/div><\/div>","protected":false},"excerpt":{"rendered":"<p>O nas Nasza misja i wizja Pharmaget Poznaj nasz\u0105 firm\u0119 i jej misj\u0119 Hurtownia Farmaceutyczna Pharmaget zaanga\u017cowana jest w dostarczanie [&hellip;]<\/p>","protected":false},"author":1,"featured_media":0,"parent":0,"menu_order":0,"comment_status":"closed","ping_status":"closed","template":"","meta":{"_uag_custom_page_level_css":"","site-sidebar-layout":"default","site-content-layout":"","ast-site-content-layout":"default","site-content-style":"default","site-sidebar-style":"default","ast-global-header-display":"","ast-banner-title-visibility":"","ast-main-header-display":"","ast-hfb-above-header-display":"","ast-hfb-below-header-display":"","ast-hfb-mobile-header-display":"","site-post-title":"disabled","ast-breadcrumbs-content":"","ast-featured-img":"","footer-sml-layout":"","theme-transparent-header-meta":"enabled","adv-header-id-meta":"","stick-header-meta":"","header-above-stick-meta":"","header-main-stick-meta":"","header-below-stick-meta":"","astra-migrate-meta-layouts":"default","ast-page-background-enabled":"default","ast-page-background-meta":{"desktop":{"background-color":"var(--ast-global-color-4)","background-image":"","background-repeat":"repeat","background-position":"center center","background-size":"auto","background-attachment":"scroll","background-type":"","background-media":"","overlay-type":"","overlay-color":"","overlay-opacity":"","overlay-gradient":""},"tablet":{"background-color":"","background-image":"","background-repeat":"repeat","background-position":"center center","background-size":"auto","background-attachment":"scroll","background-type":"","background-media":"","overlay-type":"","overlay-color":"","overlay-opacity":"","overlay-gradient":""},"mobile":{"background-color":"","background-image":"","background-repeat":"repeat","background-position":"center center","background-size":"auto","background-attachment":"scroll","background-type":"","background-media":"","overlay-type":"","overlay-color":"","overlay-opacity":"","overlay-gradient":""}},"ast-content-background-meta":{"desktop":{"background-color":"var(--ast-global-color-5)","background-image":"","background-repeat":"repeat","background-position":"center center","background-size":"auto","background-attachment":"scroll","background-type":"","background-media":"","overlay-type":"","overlay-color":"","overlay-opacity":"","overlay-gradient":""},"tablet":{"background-color":"var(--ast-global-color-5)","background-image":"","background-repeat":"repeat","background-position":"center center","background-size":"auto","background-attachment":"scroll","background-type":"","background-media":"","overlay-type":"","overlay-color":"","overlay-opacity":"","overlay-gradient":""},"mobile":{"background-color":"var(--ast-global-color-5)","background-image":"","background-repeat":"repeat","background-position":"center center","background-size":"auto","background-attachment":"scroll","background-type":"","background-media":"","overlay-type":"","overlay-color":"","overlay-opacity":"","overlay-gradient":""}},"footnotes":""},"class_list":["post-1002","page","type-page","status-publish","hentry"],"yoast_head":"<!-- This site is optimized with the Yoast SEO plugin v25.8 - https:\/\/yoast.com\/wordpress\/plugins\/seo\/ -->\n<title>O firmie - Pharmaget - Hurtownia Farmaceutyczna<\/title>\n<meta name=\"robots\" content=\"index, follow, max-snippet:-1, max-image-preview:large, max-video-preview:-1\" \/>\n<link rel=\"canonical\" href=\"https:\/\/pharmaget.pl\/en\/o-firmie\/\" \/>\n<meta property=\"og:locale\" content=\"en_GB\" \/>\n<meta property=\"og:type\" content=\"article\" \/>\n<meta property=\"og:title\" content=\"O firmie - Pharmaget - Hurtownia Farmaceutyczna\" \/>\n<meta property=\"og:description\" content=\"O nas Nasza misja i wizja Pharmaget Poznaj nasz\u0105 firm\u0119 i jej misj\u0119 Hurtownia Farmaceutyczna Pharmaget zaanga\u017cowana jest w dostarczanie [&hellip;]\" \/>\n<meta property=\"og:url\" content=\"https:\/\/pharmaget.pl\/en\/o-firmie\/\" \/>\n<meta property=\"og:site_name\" content=\"Pharmaget - Hurtownia Farmaceutyczna\" \/>\n<meta property=\"article:modified_time\" content=\"2026-04-17T13:28:28+00:00\" \/>\n<meta property=\"og:image\" content=\"https:\/\/pharmaget.pl\/wp-content\/uploads\/2025\/08\/pexels-photo-6627728-683x1024.jpeg\" \/>\n<meta name=\"twitter:card\" content=\"summary_large_image\" \/>\n<meta name=\"twitter:label1\" content=\"Estimated reading time\" \/>\n\t<meta name=\"twitter:data1\" content=\"3 minutes\" \/>\n<script type=\"application\/ld+json\" class=\"yoast-schema-graph\">{\"@context\":\"https:\/\/schema.org\",\"@graph\":[{\"@type\":\"WebPage\",\"@id\":\"https:\/\/pharmaget.pl\/o-firmie\/\",\"url\":\"https:\/\/pharmaget.pl\/o-firmie\/\",\"name\":\"O firmie - Pharmaget - Hurtownia Farmaceutyczna\",\"isPartOf\":{\"@id\":\"https:\/\/pharmaget.pl\/#website\"},\"primaryImageOfPage\":{\"@id\":\"https:\/\/pharmaget.pl\/o-firmie\/#primaryimage\"},\"image\":{\"@id\":\"https:\/\/pharmaget.pl\/o-firmie\/#primaryimage\"},\"thumbnailUrl\":\"https:\/\/pharmaget.pl\/wp-content\/uploads\/2025\/08\/pexels-photo-6627728-683x1024.jpeg\",\"datePublished\":\"2025-08-12T09:56:47+00:00\",\"dateModified\":\"2026-04-17T13:28:28+00:00\",\"breadcrumb\":{\"@id\":\"https:\/\/pharmaget.pl\/o-firmie\/#breadcrumb\"},\"inLanguage\":\"en-GB\",\"potentialAction\":[{\"@type\":\"ReadAction\",\"target\":[\"https:\/\/pharmaget.pl\/o-firmie\/\"]}]},{\"@type\":\"ImageObject\",\"inLanguage\":\"en-GB\",\"@id\":\"https:\/\/pharmaget.pl\/o-firmie\/#primaryimage\",\"url\":\"https:\/\/pharmaget.pl\/wp-content\/uploads\/2025\/08\/pexels-photo-6627728-683x1024.jpeg\",\"contentUrl\":\"https:\/\/pharmaget.pl\/wp-content\/uploads\/2025\/08\/pexels-photo-6627728-683x1024.jpeg\"},{\"@type\":\"BreadcrumbList\",\"@id\":\"https:\/\/pharmaget.pl\/o-firmie\/#breadcrumb\",\"itemListElement\":[{\"@type\":\"ListItem\",\"position\":1,\"name\":\"Strona g\u0142\u00f3wna\",\"item\":\"https:\/\/pharmaget.pl\/\"},{\"@type\":\"ListItem\",\"position\":2,\"name\":\"O firmie\"}]},{\"@type\":\"WebSite\",\"@id\":\"https:\/\/pharmaget.pl\/#website\",\"url\":\"https:\/\/pharmaget.pl\/\",\"name\":\"Pharmaget - Hurtownia Farmaceutyczna\",\"description\":\"Import Interwencyjny\/Docelowy\",\"publisher\":{\"@id\":\"https:\/\/pharmaget.pl\/#organization\"},\"potentialAction\":[{\"@type\":\"SearchAction\",\"target\":{\"@type\":\"EntryPoint\",\"urlTemplate\":\"https:\/\/pharmaget.pl\/?s={search_term_string}\"},\"query-input\":{\"@type\":\"PropertyValueSpecification\",\"valueRequired\":true,\"valueName\":\"search_term_string\"}}],\"inLanguage\":\"en-GB\"},{\"@type\":\"Organization\",\"@id\":\"https:\/\/pharmaget.pl\/#organization\",\"name\":\"Pharmaget - Hurtownia Farmaceutyczna\",\"url\":\"https:\/\/pharmaget.pl\/\",\"logo\":{\"@type\":\"ImageObject\",\"inLanguage\":\"en-GB\",\"@id\":\"https:\/\/pharmaget.pl\/#\/schema\/logo\/image\/\",\"url\":\"https:\/\/pharmaget.pl\/wp-content\/uploads\/2025\/08\/fulllogo_transparent_nobuffer.png\",\"contentUrl\":\"https:\/\/pharmaget.pl\/wp-content\/uploads\/2025\/08\/fulllogo_transparent_nobuffer.png\",\"width\":1280,\"height\":1003,\"caption\":\"Pharmaget - Hurtownia Farmaceutyczna\"},\"image\":{\"@id\":\"https:\/\/pharmaget.pl\/#\/schema\/logo\/image\/\"}}]}<\/script>\n<!-- \/ Yoast SEO plugin. -->","yoast_head_json":{"title":"O firmie - Pharmaget - Hurtownia Farmaceutyczna","robots":{"index":"index","follow":"follow","max-snippet":"max-snippet:-1","max-image-preview":"max-image-preview:large","max-video-preview":"max-video-preview:-1"},"canonical":"https:\/\/pharmaget.pl\/en\/o-firmie\/","og_locale":"en_GB","og_type":"article","og_title":"O firmie - Pharmaget - Hurtownia Farmaceutyczna","og_description":"O nas Nasza misja i wizja Pharmaget Poznaj nasz\u0105 firm\u0119 i jej misj\u0119 Hurtownia Farmaceutyczna Pharmaget zaanga\u017cowana jest w dostarczanie [&hellip;]","og_url":"https:\/\/pharmaget.pl\/en\/o-firmie\/","og_site_name":"Pharmaget - Hurtownia Farmaceutyczna","article_modified_time":"2026-04-17T13:28:28+00:00","og_image":[{"url":"https:\/\/pharmaget.pl\/wp-content\/uploads\/2025\/08\/pexels-photo-6627728-683x1024.jpeg","type":"","width":"","height":""}],"twitter_card":"summary_large_image","twitter_misc":{"Estimated reading time":"3 minutes"},"schema":{"@context":"https:\/\/schema.org","@graph":[{"@type":"WebPage","@id":"https:\/\/pharmaget.pl\/o-firmie\/","url":"https:\/\/pharmaget.pl\/o-firmie\/","name":"O firmie - Pharmaget - Hurtownia Farmaceutyczna","isPartOf":{"@id":"https:\/\/pharmaget.pl\/#website"},"primaryImageOfPage":{"@id":"https:\/\/pharmaget.pl\/o-firmie\/#primaryimage"},"image":{"@id":"https:\/\/pharmaget.pl\/o-firmie\/#primaryimage"},"thumbnailUrl":"https:\/\/pharmaget.pl\/wp-content\/uploads\/2025\/08\/pexels-photo-6627728-683x1024.jpeg","datePublished":"2025-08-12T09:56:47+00:00","dateModified":"2026-04-17T13:28:28+00:00","breadcrumb":{"@id":"https:\/\/pharmaget.pl\/o-firmie\/#breadcrumb"},"inLanguage":"en-GB","potentialAction":[{"@type":"ReadAction","target":["https:\/\/pharmaget.pl\/o-firmie\/"]}]},{"@type":"ImageObject","inLanguage":"en-GB","@id":"https:\/\/pharmaget.pl\/o-firmie\/#primaryimage","url":"https:\/\/pharmaget.pl\/wp-content\/uploads\/2025\/08\/pexels-photo-6627728-683x1024.jpeg","contentUrl":"https:\/\/pharmaget.pl\/wp-content\/uploads\/2025\/08\/pexels-photo-6627728-683x1024.jpeg"},{"@type":"BreadcrumbList","@id":"https:\/\/pharmaget.pl\/o-firmie\/#breadcrumb","itemListElement":[{"@type":"ListItem","position":1,"name":"Strona g\u0142\u00f3wna","item":"https:\/\/pharmaget.pl\/"},{"@type":"ListItem","position":2,"name":"O firmie"}]},{"@type":"WebSite","@id":"https:\/\/pharmaget.pl\/#website","url":"https:\/\/pharmaget.pl\/","name":"Pharmaget - Pharmaceutical wholesaler","description":"Intervention\/Target imports","publisher":{"@id":"https:\/\/pharmaget.pl\/#organization"},"potentialAction":[{"@type":"SearchAction","target":{"@type":"EntryPoint","urlTemplate":"https:\/\/pharmaget.pl\/?s={search_term_string}"},"query-input":{"@type":"PropertyValueSpecification","valueRequired":true,"valueName":"search_term_string"}}],"inLanguage":"en-GB"},{"@type":"Organization","@id":"https:\/\/pharmaget.pl\/#organization","name":"Pharmaget - Pharmaceutical wholesaler","url":"https:\/\/pharmaget.pl\/","logo":{"@type":"ImageObject","inLanguage":"en-GB","@id":"https:\/\/pharmaget.pl\/#\/schema\/logo\/image\/","url":"https:\/\/pharmaget.pl\/wp-content\/uploads\/2025\/08\/fulllogo_transparent_nobuffer.png","contentUrl":"https:\/\/pharmaget.pl\/wp-content\/uploads\/2025\/08\/fulllogo_transparent_nobuffer.png","width":1280,"height":1003,"caption":"Pharmaget - Hurtownia Farmaceutyczna"},"image":{"@id":"https:\/\/pharmaget.pl\/#\/schema\/logo\/image\/"}}]}},"uagb_featured_image_src":{"full":false,"thumbnail":false,"medium":false,"medium_large":false,"large":false,"1536x1536":false,"2048x2048":false,"trp-custom-language-flag":false},"uagb_author_info":{"display_name":"initsoft","author_link":"https:\/\/pharmaget.pl\/en\/author\/initsoft\/"},"uagb_comment_info":0,"uagb_excerpt":"O nas Nasza misja i wizja Pharmaget Poznaj nasz\u0105 firm\u0119 i jej misj\u0119 Hurtownia Farmaceutyczna Pharmaget zaanga\u017cowana jest w dostarczanie [&hellip;]","_links":{"self":[{"href":"https:\/\/pharmaget.pl\/en\/wp-json\/wp\/v2\/pages\/1002","targetHints":{"allow":["GET"]}}],"collection":[{"href":"https:\/\/pharmaget.pl\/en\/wp-json\/wp\/v2\/pages"}],"about":[{"href":"https:\/\/pharmaget.pl\/en\/wp-json\/wp\/v2\/types\/page"}],"author":[{"embeddable":true,"href":"https:\/\/pharmaget.pl\/en\/wp-json\/wp\/v2\/users\/1"}],"replies":[{"embeddable":true,"href":"https:\/\/pharmaget.pl\/en\/wp-json\/wp\/v2\/comments?post=1002"}],"version-history":[{"count":22,"href":"https:\/\/pharmaget.pl\/en\/wp-json\/wp\/v2\/pages\/1002\/revisions"}],"predecessor-version":[{"id":1175,"href":"https:\/\/pharmaget.pl\/en\/wp-json\/wp\/v2\/pages\/1002\/revisions\/1175"}],"wp:attachment":[{"href":"https:\/\/pharmaget.pl\/en\/wp-json\/wp\/v2\/media?parent=1002"}],"curies":[{"name":"wp","href":"https:\/\/api.w.org\/{rel}","templated":true}]}}